{"id":1317,"date":"2017-03-02T14:13:47","date_gmt":"2017-03-02T13:13:47","guid":{"rendered":"http:\/\/neu.sg-thalmaessing.de\/?page_id=1317"},"modified":"2017-11-19T11:11:12","modified_gmt":"2017-11-19T10:11:12","slug":"ueber-uns","status":"publish","type":"page","link":"https:\/\/www.sg-thalmaessing.de\/?page_id=1317","title":{"rendered":"\u00dcber uns"},"content":{"rendered":"<p>Hier finden Sie alles Rund um die SG Thalm\u00e4ssing. Bestimmte Bereiche sind nur den Mitgliedern vorbehalten. Dazu bitte auf der Startseite mit der Sch\u00fctzenpassnummer und dem Passwort anmelden.<\/p>\n<p><a href=\"http:\/\/www.sg-thalmaessing.de\/?page_id=26\">Kontakt<\/a><\/p>\n<p><a href=\"http:\/\/www.sg-thalmaessing.de\/?page_id=387\">Anfahrt<\/a> zu der Waldschie\u00dfbahn und dem Luftgewehrstand<\/p>\n<p><a href=\"http:\/\/www.sg-thalmaessing.de\/?page_id=49\">Schie\u00dfst\u00e4nde<\/a> und deren Zulassung<\/p>\n<p><a href=\"http:\/\/www.sg-thalmaessing.de\/?page_id=239\">Schie\u00dfzeiten<\/a><\/p>\n<p><a href=\"http:\/\/www.sg-thalmaessing.de\/kontakt\/vereinschronik\/\">Vereinschronik<\/a><\/p>\n<p><a href=\"http:\/\/www.sg-thalmaessing.de\/?page_id=876\">Mitgliederbereich<\/a><\/p>\n<p>&nbsp;<\/p>\n","protected":false},"excerpt":{"rendered":"<p>Hier finden Sie alles Rund um die SG Thalm\u00e4ssing. Bestimmte Bereiche sind nur den Mitgliedern vorbehalten. Dazu bitte auf der<\/p>\n","protected":false},"author":1,"featured_media":0,"parent":26,"menu_order":0,"comment_status":"closed","ping_status":"closed","template":"","meta":{"footnotes":""},"class_list":["post-1317","page","type-page","status-publish","hentry"],"_links":{"self":[{"href":"https:\/\/www.sg-thalmaessing.de\/index.php?rest_route=\/wp\/v2\/pages\/1317","targetHints":{"allow":["GET"]}}],"collection":[{"href":"https:\/\/www.sg-thalmaessing.de\/index.php?rest_route=\/wp\/v2\/pages"}],"about":[{"href":"https:\/\/www.sg-thalmaessing.de\/index.php?rest_route=\/wp\/v2\/types\/page"}],"author":[{"embeddable":true,"href":"https:\/\/www.sg-thalmaessing.de\/index.php?rest_route=\/wp\/v2\/users\/1"}],"replies":[{"embeddable":true,"href":"https:\/\/www.sg-thalmaessing.de\/index.php?rest_route=%2Fwp%2Fv2%2Fcomments&post=1317"}],"version-history":[{"count":5,"href":"https:\/\/www.sg-thalmaessing.de\/index.php?rest_route=\/wp\/v2\/pages\/1317\/revisions"}],"predecessor-version":[{"id":3072,"href":"https:\/\/www.sg-thalmaessing.de\/index.php?rest_route=\/wp\/v2\/pages\/1317\/revisions\/3072"}],"up":[{"embeddable":true,"href":"https:\/\/www.sg-thalmaessing.de\/index.php?rest_route=\/wp\/v2\/pages\/26"}],"wp:attachment":[{"href":"https:\/\/www.sg-thalmaessing.de\/index.php?rest_route=%2Fwp%2Fv2%2Fmedia&parent=1317"}],"curies":[{"name":"wp","href":"https:\/\/api.w.org\/{rel}","templated":true}]}}