{"id":172,"date":"2016-12-12T12:50:47","date_gmt":"2016-12-12T11:50:47","guid":{"rendered":"http:\/\/localhost\/?page_id=172"},"modified":"2017-01-11T14:20:50","modified_gmt":"2017-01-11T13:20:50","slug":"50m-stand","status":"publish","type":"page","link":"https:\/\/www.sg-thalmaessing.de\/?page_id=172","title":{"rendered":"50m Stand"},"content":{"rendered":"<p>Blick auf den 50m Stand<\/p>\n<p><img loading=\"lazy\" decoding=\"async\" class=\"alignnone size-full wp-image-541\" src=\"http:\/\/neu.sg-thalmaessing.de\/wp-content\/uploads\/2017\/01\/Vorderladerstand-1.jpg\" alt=\"\" width=\"374\" height=\"244\" srcset=\"https:\/\/www.sg-thalmaessing.de\/wp-content\/uploads\/2017\/01\/Vorderladerstand-1.jpg 374w, https:\/\/www.sg-thalmaessing.de\/wp-content\/uploads\/2017\/01\/Vorderladerstand-1-300x196.jpg 300w\" sizes=\"auto, (max-width: 374px) 100vw, 374px\" \/> <img loading=\"lazy\" decoding=\"async\" class=\"alignnone size-full wp-image-545\" src=\"http:\/\/neu.sg-thalmaessing.de\/wp-content\/uploads\/2017\/01\/50m-1.jpg\" alt=\"\" width=\"326\" height=\"244\" srcset=\"https:\/\/www.sg-thalmaessing.de\/wp-content\/uploads\/2017\/01\/50m-1.jpg 326w, https:\/\/www.sg-thalmaessing.de\/wp-content\/uploads\/2017\/01\/50m-1-300x225.jpg 300w\" sizes=\"auto, (max-width: 326px) 100vw, 326px\" \/><\/p>\n<p>&nbsp;<\/p>\n<p>Hier stehen 6 St\u00e4nde zur Verf\u00fcgung.<\/p>\n<p>Gro\u00dfkaliberschie\u00dfen ist allerdings nur auf den St\u00e4nden 5 und 6 m\u00f6glich<\/p>\n","protected":false},"excerpt":{"rendered":"<p>Blick auf den 50m Stand &nbsp; Hier stehen 6 St\u00e4nde zur Verf\u00fcgung. Gro\u00dfkaliberschie\u00dfen ist allerdings nur auf den St\u00e4nden 5<\/p>\n","protected":false},"author":1,"featured_media":0,"parent":49,"menu_order":0,"comment_status":"closed","ping_status":"closed","template":"","meta":{"footnotes":""},"class_list":["post-172","page","type-page","status-publish","hentry"],"_links":{"self":[{"href":"https:\/\/www.sg-thalmaessing.de\/index.php?rest_route=\/wp\/v2\/pages\/172","targetHints":{"allow":["GET"]}}],"collection":[{"href":"https:\/\/www.sg-thalmaessing.de\/index.php?rest_route=\/wp\/v2\/pages"}],"about":[{"href":"https:\/\/www.sg-thalmaessing.de\/index.php?rest_route=\/wp\/v2\/types\/page"}],"author":[{"embeddable":true,"href":"https:\/\/www.sg-thalmaessing.de\/index.php?rest_route=\/wp\/v2\/users\/1"}],"replies":[{"embeddable":true,"href":"https:\/\/www.sg-thalmaessing.de\/index.php?rest_route=%2Fwp%2Fv2%2Fcomments&post=172"}],"version-history":[{"count":1,"href":"https:\/\/www.sg-thalmaessing.de\/index.php?rest_route=\/wp\/v2\/pages\/172\/revisions"}],"predecessor-version":[{"id":579,"href":"https:\/\/www.sg-thalmaessing.de\/index.php?rest_route=\/wp\/v2\/pages\/172\/revisions\/579"}],"up":[{"embeddable":true,"href":"https:\/\/www.sg-thalmaessing.de\/index.php?rest_route=\/wp\/v2\/pages\/49"}],"wp:attachment":[{"href":"https:\/\/www.sg-thalmaessing.de\/index.php?rest_route=%2Fwp%2Fv2%2Fmedia&parent=172"}],"curies":[{"name":"wp","href":"https:\/\/api.w.org\/{rel}","templated":true}]}}