{"id":26,"date":"2016-12-10T10:33:43","date_gmt":"2016-12-10T09:33:43","guid":{"rendered":"http:\/\/localhost\/?page_id=26"},"modified":"2024-01-28T17:18:28","modified_gmt":"2024-01-28T16:18:28","slug":"kontakt","status":"publish","type":"page","link":"https:\/\/www.sg-thalmaessing.de\/?page_id=26","title":{"rendered":"Kontakt"},"content":{"rendered":"<p>Hier haben Sie die M\u00f6glichkeit Kontakt mit uns aufzunehmen. Dies k\u00f6nnen Sie \u00fcber Email <span style=\"font-size: 10pt;\">(hier \u00f6ffnet sich das Emailprogramm)<\/span> machen<\/p>\n<p>Telefonnummer Sch\u00fctzenhaus: 09173 \/ 7948550<\/p>\n<table style=\"width: 739px; border-color: #ffffff; background-color: #ffffff;\" border=\"0\">\n<tbody>\n<tr style=\"height: 39px;\">\n<td style=\"width: 208px; height: 39px;\">1. Sch\u00fctzenmeister<\/td>\n<td style=\"width: 221px; height: 39px;\">J\u00f6rg R\u00f6tter<\/td>\n<td style=\"width: 123px; height: 39px;\">09173 \/ 7936010<\/td>\n<td style=\"width: 73px; height: 39px;\"><a href=\"mailto: 1SM@sg-thalmaessing.de\">Email<\/a><\/td>\n<\/tr>\n<tr style=\"height: 39px;\">\n<td style=\"width: 208px; height: 39px;\">2. Sch\u00fctzenmeister<\/td>\n<td style=\"width: 221px; height: 39px;\">Hans-Dieter Vogel<\/td>\n<td style=\"width: 123px; height: 39px;\"><\/td>\n<td style=\"width: 73px; height: 39px;\"><a href=\"mailto: 2SM@sg-thalmaessing.de\">Email<\/a><\/td>\n<\/tr>\n<tr style=\"height: 39px;\">\n<td style=\"width: 208px; height: 39px;\">Schriftf\u00fchrer<\/td>\n<td style=\"width: 221px; height: 39px;\">Anita Bayer<\/td>\n<td style=\"width: 123px; height: 39px;\"><\/td>\n<td style=\"width: 73px; height: 39px;\"><a href=\"mailto: 1SF@sg-thalmaessing.de\">Email<\/a><\/td>\n<\/tr>\n<tr style=\"height: 39px;\">\n<td style=\"width: 208px; height: 39px;\">Kassier<\/td>\n<td style=\"width: 221px; height: 39px;\">Karl Winter<\/td>\n<td style=\"width: 123px; height: 39px;\"><\/td>\n<td style=\"width: 73px; height: 39px;\"><a href=\"mailto: schatzmeister@sg-thalmaessing.de\">Email<\/a><\/td>\n<\/tr>\n<tr style=\"height: 39px;\">\n<td style=\"width: 208px; height: 39px;\">Sportleiter<\/td>\n<td style=\"width: 221px; height: 39px;\">Erwin Glo\u00dfner<\/td>\n<td style=\"width: 123px; height: 39px;\"><\/td>\n<td style=\"width: 73px; height: 39px;\"><a href=\"mailto: 1SPL@sg-thalmaessing.de\">Email<\/a><\/td>\n<\/tr>\n<tr style=\"height: 39px;\">\n<td style=\"width: 208px; height: 39px;\">Kladdenf\u00fchrer<\/td>\n<td style=\"width: 221px; height: 39px;\">Karl Mederer<\/td>\n<td style=\"width: 123px; height: 39px;\"><\/td>\n<td style=\"width: 73px; height: 39px;\"><a href=\"mailto: klf@sg-thalmaessing.de\">Email<\/a><\/td>\n<\/tr>\n<tr style=\"height: 39px;\">\n<td style=\"width: 208px; height: 39px;\">Vorderlader-Referent<\/td>\n<td style=\"width: 221px; height: 39px;\">Roland Juranek<\/td>\n<td style=\"width: 123px; height: 39px;\"><\/td>\n<td style=\"width: 73px; height: 39px;\"><a href=\"mailto: VL-Reverent@sg-thalmaessing.de\">Email<\/a><\/td>\n<\/tr>\n<tr style=\"height: 39px;\">\n<td style=\"width: 208px; height: 39px;\">Kurzwaffen-Referent<\/td>\n<td style=\"width: 221px; height: 39px;\">Erwin Glo\u00dfner<\/td>\n<td style=\"width: 123px; height: 39px;\"><\/td>\n<td style=\"width: 73px; height: 39px;\"><a href=\"mailto: KW-Reverent@sg-thalmaessing.de\">Email<\/a><\/td>\n<\/tr>\n<tr style=\"height: 39px;\">\n<td style=\"width: 208px; height: 39px;\">Jugendleiter<\/td>\n<td style=\"width: 221px; height: 39px;\">Michael Emmerling<\/td>\n<td style=\"width: 123px; height: 39px;\"><\/td>\n<td style=\"width: 73px; height: 39px;\"><a href=\"mailto: JL@sg-thalmaessing.de\">Email<\/a><\/td>\n<\/tr>\n<tr style=\"height: 39px;\">\n<td style=\"width: 208px; height: 39px;\">Referent Arbeitseins\u00e4tze<\/td>\n<td style=\"width: 221px; height: 39px;\">Markus Meyer<\/td>\n<td style=\"width: 123px; height: 39px;\"><\/td>\n<td style=\"width: 73px; height: 39px;\"><a href=\"mailto: RW@sg-thalmaessing.de\">Email<\/a><\/td>\n<\/tr>\n<tr style=\"height: 39px;\">\n<td style=\"width: 208px; height: 39px;\">EDV-Referent<\/td>\n<td style=\"width: 221px; height: 39px;\">J\u00f6rg R\u00f6tter<\/td>\n<td style=\"width: 123px; height: 39px;\"><\/td>\n<td style=\"width: 73px; height: 39px;\"><a href=\"mailto: edv@sg-thalmaessing.de\">Email<\/a><\/td>\n<\/tr>\n<tr style=\"height: 39px;\">\n<td style=\"width: 208px; height: 39px;\">Vergn\u00fcgungswart<\/td>\n<td style=\"width: 221px; height: 39px;\">Markus Meyer<\/td>\n<td style=\"width: 123px; height: 39px;\"><\/td>\n<td style=\"width: 73px; height: 39px;\"><a href=\"mailto: vwart@sg-thalmaessing.de\">Email<\/a><\/td>\n<\/tr>\n<tr style=\"height: 39px;\">\n<td style=\"width: 208px; height: 39px;\">Ehrensch\u00fctzenmeister<\/td>\n<td style=\"width: 221px; height: 39px;\">Reinhard M\u00fcller<\/td>\n<td style=\"width: 123px; height: 39px;\"><\/td>\n<td style=\"width: 73px; height: 39px;\"><a href=\"mailto: esm@sg-thalmaessing.de\">Email<\/a><\/td>\n<\/tr>\n<tr style=\"height: 39px;\">\n<td style=\"width: 208px; height: 46px;\">Ehrenmitglied<\/td>\n<td style=\"width: 221px; height: 46px;\">Erwin H\u00f6lzel<\/td>\n<td style=\"width: 123px; height: 46px;\"><\/td>\n<td style=\"width: 73px; height: 46px;\"><a href=\"mailto: emgld@sg-thalmaessing.de\">Email<\/a><\/td>\n<\/tr>\n<\/tbody>\n<\/table>\n","protected":false},"excerpt":{"rendered":"<p>Hier haben Sie die M\u00f6glichkeit Kontakt mit uns aufzunehmen. Dies k\u00f6nnen Sie \u00fcber Email (hier \u00f6ffnet sich das Emailprogramm) machen<\/p>\n","protected":false},"author":1,"featured_media":0,"parent":0,"menu_order":0,"comment_status":"closed","ping_status":"closed","template":"template-fullwidth.php","meta":{"footnotes":""},"class_list":["post-26","page","type-page","status-publish","hentry"],"_links":{"self":[{"href":"https:\/\/www.sg-thalmaessing.de\/index.php?rest_route=\/wp\/v2\/pages\/26","targetHints":{"allow":["GET"]}}],"collection":[{"href":"https:\/\/www.sg-thalmaessing.de\/index.php?rest_route=\/wp\/v2\/pages"}],"about":[{"href":"https:\/\/www.sg-thalmaessing.de\/index.php?rest_route=\/wp\/v2\/types\/page"}],"author":[{"embeddable":true,"href":"https:\/\/www.sg-thalmaessing.de\/index.php?rest_route=\/wp\/v2\/users\/1"}],"replies":[{"embeddable":true,"href":"https:\/\/www.sg-thalmaessing.de\/index.php?rest_route=%2Fwp%2Fv2%2Fcomments&post=26"}],"version-history":[{"count":30,"href":"https:\/\/www.sg-thalmaessing.de\/index.php?rest_route=\/wp\/v2\/pages\/26\/revisions"}],"predecessor-version":[{"id":2812,"href":"https:\/\/www.sg-thalmaessing.de\/index.php?rest_route=\/wp\/v2\/pages\/26\/revisions\/2812"}],"wp:attachment":[{"href":"https:\/\/www.sg-thalmaessing.de\/index.php?rest_route=%2Fwp%2Fv2%2Fmedia&parent=26"}],"curies":[{"name":"wp","href":"https:\/\/api.w.org\/{rel}","templated":true}]}}