{"id":387,"date":"2016-12-13T13:30:16","date_gmt":"2016-12-13T12:30:16","guid":{"rendered":"http:\/\/localhost\/?page_id=387"},"modified":"2025-10-03T10:53:59","modified_gmt":"2025-10-03T08:53:59","slug":"anfahrt","status":"publish","type":"page","link":"https:\/\/www.sg-thalmaessing.de\/?page_id=387","title":{"rendered":"Anfahrt"},"content":{"rendered":"<p><strong>Die SG Thalm\u00e4ssing betreibt 2 Schie\u00dfst\u00e4tten:<\/strong><\/p>\n<p>Die\u00a0<strong><a href=\"http:\/\/www.sg-thalmaessing.de\/?page_id=144\"><span style=\"color: #008000;\">Waldschie\u00dfbahn<\/span> <\/a><\/strong>und derzeit ist unsere Luftgewehrhalle dort im Bau.<\/p>\n<p>\u00a0<\/p>\n\n","protected":false},"excerpt":{"rendered":"<p>Die SG Thalm\u00e4ssing betreibt 2 Schie\u00dfst\u00e4tten: Die\u00a0Waldschie\u00dfbahn und derzeit ist unsere Luftgewehrhalle dort im Bau. \u00a0<\/p>\n","protected":false},"author":1,"featured_media":0,"parent":26,"menu_order":0,"comment_status":"closed","ping_status":"closed","template":"","meta":{"footnotes":""},"class_list":["post-387","page","type-page","status-publish","hentry"],"_links":{"self":[{"href":"https:\/\/www.sg-thalmaessing.de\/index.php?rest_route=\/wp\/v2\/pages\/387","targetHints":{"allow":["GET"]}}],"collection":[{"href":"https:\/\/www.sg-thalmaessing.de\/index.php?rest_route=\/wp\/v2\/pages"}],"about":[{"href":"https:\/\/www.sg-thalmaessing.de\/index.php?rest_route=\/wp\/v2\/types\/page"}],"author":[{"embeddable":true,"href":"https:\/\/www.sg-thalmaessing.de\/index.php?rest_route=\/wp\/v2\/users\/1"}],"replies":[{"embeddable":true,"href":"https:\/\/www.sg-thalmaessing.de\/index.php?rest_route=%2Fwp%2Fv2%2Fcomments&post=387"}],"version-history":[{"count":7,"href":"https:\/\/www.sg-thalmaessing.de\/index.php?rest_route=\/wp\/v2\/pages\/387\/revisions"}],"predecessor-version":[{"id":3105,"href":"https:\/\/www.sg-thalmaessing.de\/index.php?rest_route=\/wp\/v2\/pages\/387\/revisions\/3105"}],"up":[{"embeddable":true,"href":"https:\/\/www.sg-thalmaessing.de\/index.php?rest_route=\/wp\/v2\/pages\/26"}],"wp:attachment":[{"href":"https:\/\/www.sg-thalmaessing.de\/index.php?rest_route=%2Fwp%2Fv2%2Fmedia&parent=387"}],"curies":[{"name":"wp","href":"https:\/\/api.w.org\/{rel}","templated":true}]}}