{"id":489,"date":"2017-01-03T19:11:06","date_gmt":"2017-01-03T18:11:06","guid":{"rendered":"http:\/\/neu.sg-thalmaessing.de\/?page_id=489"},"modified":"2020-01-15T13:53:41","modified_gmt":"2020-01-15T12:53:41","slug":"kipphasenschiessen","status":"publish","type":"page","link":"https:\/\/www.sg-thalmaessing.de\/?page_id=489","title":{"rendered":"Kipphasenschie\u00dfen"},"content":{"rendered":"<p>Kipphasenschie\u00dfen <a href=\"\/pdf\/hase\/kh2019.pdf\">2019<\/a><\/p>\n<p>Kipphasenschie\u00dfen <a href=\"\/pdf\/hase\/kh2018.pdf\">2018<\/a><\/p>\n<p>Kipphasenschie\u00dfen <a href=\"\/pdf\/hase\/kh2017.pdf\" target=\"_blank\" rel=\"noopener noreferrer\">2017<\/a><\/p>\n<p>Kipphasenschie\u00dfen <a href=\"\/pdf\/hase\/kh2016.pdf\" target=\"_blank\" rel=\"noopener noreferrer\">2016<\/a><\/p>\n<p>Kipphasenschie\u00dfen <a href=\"\/pdf\/hase\/kh2015.pdf\" target=\"_blank\" rel=\"noopener noreferrer\">2015<\/a><\/p>\n<p>Kipphasenschie\u00dfen <a href=\"\/pdf\/hase\/kh2014.pdf\" target=\"_blank\" rel=\"noopener noreferrer\">2014<\/a><\/p>\n<p>Kipphasenschie\u00dfen <a href=\"\/pdf\/hase\/kh2013.pdf\" target=\"_blank\" rel=\"noopener noreferrer\">2013<\/a><\/p>\n<p>Kipphasenschie\u00dfen <a href=\"\/pdf\/hase\/kh2012.pdf\" target=\"_blank\" rel=\"noopener noreferrer\">2012<\/a><\/p>\n","protected":false},"excerpt":{"rendered":"<p>Kipphasenschie\u00dfen 2019 Kipphasenschie\u00dfen 2018 Kipphasenschie\u00dfen 2017 Kipphasenschie\u00dfen 2016 Kipphasenschie\u00dfen 2015 Kipphasenschie\u00dfen 2014 Kipphasenschie\u00dfen 2013 Kipphasenschie\u00dfen 2012<\/p>\n","protected":false},"author":1,"featured_media":0,"parent":479,"menu_order":0,"comment_status":"closed","ping_status":"closed","template":"","meta":{"footnotes":""},"class_list":["post-489","page","type-page","status-publish","hentry"],"_links":{"self":[{"href":"https:\/\/www.sg-thalmaessing.de\/index.php?rest_route=\/wp\/v2\/pages\/489","targetHints":{"allow":["GET"]}}],"collection":[{"href":"https:\/\/www.sg-thalmaessing.de\/index.php?rest_route=\/wp\/v2\/pages"}],"about":[{"href":"https:\/\/www.sg-thalmaessing.de\/index.php?rest_route=\/wp\/v2\/types\/page"}],"author":[{"embeddable":true,"href":"https:\/\/www.sg-thalmaessing.de\/index.php?rest_route=\/wp\/v2\/users\/1"}],"replies":[{"embeddable":true,"href":"https:\/\/www.sg-thalmaessing.de\/index.php?rest_route=%2Fwp%2Fv2%2Fcomments&post=489"}],"version-history":[{"count":9,"href":"https:\/\/www.sg-thalmaessing.de\/index.php?rest_route=\/wp\/v2\/pages\/489\/revisions"}],"predecessor-version":[{"id":2282,"href":"https:\/\/www.sg-thalmaessing.de\/index.php?rest_route=\/wp\/v2\/pages\/489\/revisions\/2282"}],"up":[{"embeddable":true,"href":"https:\/\/www.sg-thalmaessing.de\/index.php?rest_route=\/wp\/v2\/pages\/479"}],"wp:attachment":[{"href":"https:\/\/www.sg-thalmaessing.de\/index.php?rest_route=%2Fwp%2Fv2%2Fmedia&parent=489"}],"curies":[{"name":"wp","href":"https:\/\/api.w.org\/{rel}","templated":true}]}}