{"id":611,"date":"2017-01-07T21:57:52","date_gmt":"2017-01-07T20:57:52","guid":{"rendered":"http:\/\/neu.sg-thalmaessing.de\/?page_id=611"},"modified":"2024-12-18T09:29:04","modified_gmt":"2024-12-18T08:29:04","slug":"koenigsschiessen","status":"publish","type":"page","link":"https:\/\/www.sg-thalmaessing.de\/?page_id=611","title":{"rendered":"K\u00f6nigsschie\u00dfen"},"content":{"rendered":"<p>K\u00f6nigsschie\u00dfen 2024<\/p>\n<p>K\u00f6nigsschie\u00dfen 2023<\/p>\n<p>K\u00f6nigsschie\u00dfen 2022<\/p>\n<p>K\u00f6nigsschie\u00dfen <a href=\"\/pdf\/koenig\/ks2020\" target=\"_blank\" rel=\"noopener noreferrer\">2020<\/a><\/p>\n<p>K\u00f6nigsschie\u00dfen 2019<\/p>\n<p><span style=\"display: inline !important; float: none; background-color: transparent; color: #222222; font-family: 'Open Sans',Tahoma,Arial; font-size: 16px; font-style: normal; font-variant: normal; font-weight: 400; letter-spacing: normal; orphans: 2; text-align: left; text-decoration: none; text-indent: 0px; text-transform: none; -webkit-text-stroke-width: 0px; white-space: normal; word-spacing: 0px;\">K\u00f6nigsschie\u00dfen <a href=\"\/pdf\/koenig\/ks2018.pdf\" target=\"_blank\" rel=\"noopener noreferrer\">2018<\/a><\/span><b><\/b><i><\/i><u><\/u><\/p>\n<p>K\u00f6nigsschie\u00dfen <a href=\"\/pdf\/koenig\/ks2017.pdf\">2017\u00a0<\/a><\/p>\n","protected":false},"excerpt":{"rendered":"<p>K\u00f6nigsschie\u00dfen 2024 K\u00f6nigsschie\u00dfen 2023 K\u00f6nigsschie\u00dfen 2022 K\u00f6nigsschie\u00dfen 2020 K\u00f6nigsschie\u00dfen 2019 K\u00f6nigsschie\u00dfen 2018 K\u00f6nigsschie\u00dfen 2017\u00a0<\/p>\n","protected":false},"author":1,"featured_media":0,"parent":479,"menu_order":0,"comment_status":"closed","ping_status":"closed","template":"","meta":{"footnotes":""},"class_list":["post-611","page","type-page","status-publish","hentry"],"_links":{"self":[{"href":"https:\/\/www.sg-thalmaessing.de\/index.php?rest_route=\/wp\/v2\/pages\/611","targetHints":{"allow":["GET"]}}],"collection":[{"href":"https:\/\/www.sg-thalmaessing.de\/index.php?rest_route=\/wp\/v2\/pages"}],"about":[{"href":"https:\/\/www.sg-thalmaessing.de\/index.php?rest_route=\/wp\/v2\/types\/page"}],"author":[{"embeddable":true,"href":"https:\/\/www.sg-thalmaessing.de\/index.php?rest_route=\/wp\/v2\/users\/1"}],"replies":[{"embeddable":true,"href":"https:\/\/www.sg-thalmaessing.de\/index.php?rest_route=%2Fwp%2Fv2%2Fcomments&post=611"}],"version-history":[{"count":7,"href":"https:\/\/www.sg-thalmaessing.de\/index.php?rest_route=\/wp\/v2\/pages\/611\/revisions"}],"predecessor-version":[{"id":2956,"href":"https:\/\/www.sg-thalmaessing.de\/index.php?rest_route=\/wp\/v2\/pages\/611\/revisions\/2956"}],"up":[{"embeddable":true,"href":"https:\/\/www.sg-thalmaessing.de\/index.php?rest_route=\/wp\/v2\/pages\/479"}],"wp:attachment":[{"href":"https:\/\/www.sg-thalmaessing.de\/index.php?rest_route=%2Fwp%2Fv2%2Fmedia&parent=611"}],"curies":[{"name":"wp","href":"https:\/\/api.w.org\/{rel}","templated":true}]}}